{"id":5160,"date":"2025-06-04T13:31:52","date_gmt":"2025-06-04T11:31:52","guid":{"rendered":"https:\/\/eb2.tech\/?page_id=5160"},"modified":"2025-11-27T19:02:45","modified_gmt":"2025-11-27T18:02:45","slug":"eb2-day-2025","status":"publish","type":"page","link":"https:\/\/eb2.tech\/en\/eb2-day-2025\/","title":{"rendered":"eB2-Day 2025"},"content":{"rendered":"\t\t<div data-elementor-type=\"wp-page\" data-elementor-id=\"5160\" class=\"elementor elementor-5160\" data-elementor-post-type=\"page\">\n\t\t\t\t\t\t<section class=\"elementor-section elementor-top-section elementor-element elementor-element-29d6e54 elementor-section-full_width elementor-section-stretched elementor-section-height-default elementor-section-height-default\" data-id=\"29d6e54\" data-element_type=\"section\" data-e-type=\"section\" data-settings=\"{&quot;background_background&quot;:&quot;classic&quot;,&quot;stretch_section&quot;:&quot;section-stretched&quot;}\">\n\t\t\t\t\t\t\t<div class=\"elementor-background-overlay\"><\/div>\n\t\t\t\t\t\t\t<div class=\"elementor-container elementor-column-gap-no\">\n\t\t\t\t\t<div class=\"elementor-column elementor-col-100 elementor-top-column elementor-element elementor-element-f6bc4db\" data-id=\"f6bc4db\" data-element_type=\"column\" data-e-type=\"column\" data-settings=\"{&quot;background_background&quot;:&quot;classic&quot;}\">\n\t\t\t<div class=\"elementor-widget-wrap elementor-element-populated\">\n\t\t\t\t\t\t<section class=\"elementor-section elementor-inner-section elementor-element elementor-element-1a42228 elementor-section-height-min-height elementor-section-content-middle elementor-section-boxed elementor-section-height-default\" data-id=\"1a42228\" data-element_type=\"section\" data-e-type=\"section\">\n\t\t\t\t\t\t<div class=\"elementor-container elementor-column-gap-default\">\n\t\t\t\t\t<div class=\"elementor-column elementor-col-100 elementor-inner-column elementor-element elementor-element-03abe14\" data-id=\"03abe14\" data-element_type=\"column\" data-e-type=\"column\">\n\t\t\t<div class=\"elementor-widget-wrap elementor-element-populated\">\n\t\t\t\t\t\t<div class=\"elementor-element elementor-element-9e895c9 elementor-widget elementor-widget-heading\" data-id=\"9e895c9\" data-element_type=\"widget\" data-e-type=\"widget\" data-widget_type=\"heading.default\">\n\t\t\t\t<div class=\"elementor-widget-container\">\n\t\t\t\t\t<h2 class=\"elementor-heading-title elementor-size-default\">eB2-DAY 2025: IA para transformar el cuidado en gesti\u00f3n\nmental<\/h2>\t\t\t\t<\/div>\n\t\t\t\t<\/div>\n\t\t\t\t\t<\/div>\n\t\t<\/div>\n\t\t\t\t\t<\/div>\n\t\t<\/section>\n\t\t\t\t<div class=\"elementor-element elementor-element-b502f18 elementor-widget elementor-widget-menu-anchor\" data-id=\"b502f18\" data-element_type=\"widget\" data-e-type=\"widget\" data-widget_type=\"menu-anchor.default\">\n\t\t\t\t<div class=\"elementor-widget-container\">\n\t\t\t\t\t\t\t<div class=\"elementor-menu-anchor\" id=\"somos\"><\/div>\n\t\t\t\t\t\t<\/div>\n\t\t\t\t<\/div>\n\t\t\t\t\t<\/div>\n\t\t<\/div>\n\t\t\t\t\t<\/div>\n\t\t<\/section>\n\t\t\t\t<section class=\"elementor-section elementor-top-section elementor-element elementor-element-687f8a5 elementor-section-content-middle elementor-reverse-mobile elementor-section-boxed elementor-section-height-default elementor-section-height-default\" data-id=\"687f8a5\" data-element_type=\"section\" data-e-type=\"section\">\n\t\t\t\t\t\t<div class=\"elementor-container elementor-column-gap-no\">\n\t\t\t\t\t<div class=\"elementor-column elementor-col-50 elementor-top-column elementor-element elementor-element-3a8efc5\" data-id=\"3a8efc5\" data-element_type=\"column\" data-e-type=\"column\">\n\t\t\t<div class=\"elementor-widget-wrap elementor-element-populated\">\n\t\t\t\t\t\t<div class=\"elementor-element elementor-element-21108f2 elementor-widget elementor-widget-text-editor\" data-id=\"21108f2\" data-element_type=\"widget\" data-e-type=\"widget\" data-widget_type=\"text-editor.default\">\n\t\t\t\t<div class=\"elementor-widget-container\">\n\t\t\t\t\t\t\t\t\t<p><strong>eB2-DAY 2025: IA para transformar el cuidado en gesti\u00f3n mental<\/strong><\/p><p><br \/><strong>Una jornada para descubrir c\u00f3mo la inteligencia artificial est\u00e1 revolucionando la salud mental con eB2 MindCare.<\/strong><\/p><p>\u00a0<br \/><strong>Evidence-Based Behavior (eB2)<\/strong> te invita a una jornada exclusiva donde presentaremos dos proyectos innovadores que aplican la inteligencia artificial para transformar la cadena de valor del cuidado en gesti\u00f3n mental a trav\u00e9s de <strong>eB2 MindCare<\/strong>.<\/p><p><br \/>Durante el evento exploraremos dos casos de uso reales de IA en salud mental:<\/p><p><br \/>\u2022<strong> Fusi\u00f3n de datos y monitorizaci\u00f3n en tiempo real<\/strong> del estado de salud para una atenci\u00f3n m\u00e1s personalizada y preventiva con eB2 MindCare.<br \/>\u2022 <strong>Nuevos algoritmos para la extracci\u00f3n de indicadores de audio<\/strong> en la monitorizaci\u00f3n de la salud mental, abriendo nuevas posibilidades en la evaluaci\u00f3n y el seguimiento del bienestar emocional.<br \/><br \/><\/p>\t\t\t\t\t\t\t\t<\/div>\n\t\t\t\t<\/div>\n\t\t\t\t\t<\/div>\n\t\t<\/div>\n\t\t\t\t<div class=\"elementor-column elementor-col-50 elementor-top-column elementor-element elementor-element-7a5912d\" data-id=\"7a5912d\" data-element_type=\"column\" data-e-type=\"column\">\n\t\t\t<div class=\"elementor-widget-wrap elementor-element-populated\">\n\t\t\t\t\t\t<div class=\"elementor-element elementor-element-e99b8a8 elementor-widget elementor-widget-image\" data-id=\"e99b8a8\" data-element_type=\"widget\" data-e-type=\"widget\" data-widget_type=\"image.default\">\n\t\t\t\t<div class=\"elementor-widget-container\">\n\t\t\t\t\t\t\t\t\t\t\t\t\t\t\t<img fetchpriority=\"high\" decoding=\"async\" width=\"1755\" height=\"1127\" src=\"https:\/\/eb2.tech\/wp-content\/uploads\/2025\/11\/image.png\" class=\"attachment-full size-full wp-image-5291\" alt=\"\" srcset=\"https:\/\/eb2.tech\/wp-content\/uploads\/2025\/11\/image.png 1755w, https:\/\/eb2.tech\/wp-content\/uploads\/2025\/11\/image-300x193.png 300w, https:\/\/eb2.tech\/wp-content\/uploads\/2025\/11\/image-1024x658.png 1024w, https:\/\/eb2.tech\/wp-content\/uploads\/2025\/11\/image-768x493.png 768w, https:\/\/eb2.tech\/wp-content\/uploads\/2025\/11\/image-1536x986.png 1536w\" sizes=\"(max-width: 1755px) 100vw, 1755px\" \/>\t\t\t\t\t\t\t\t\t\t\t\t\t\t\t<\/div>\n\t\t\t\t<\/div>\n\t\t\t\t\t<\/div>\n\t\t<\/div>\n\t\t\t\t\t<\/div>\n\t\t<\/section>\n\t\t\t\t<section class=\"elementor-section elementor-top-section elementor-element elementor-element-9a3fba6 elementor-section-boxed elementor-section-height-default elementor-section-height-default\" data-id=\"9a3fba6\" data-element_type=\"section\" data-e-type=\"section\">\n\t\t\t\t\t\t<div class=\"elementor-container elementor-column-gap-default\">\n\t\t\t\t\t<div class=\"elementor-column elementor-col-50 elementor-top-column elementor-element elementor-element-c6875a3\" data-id=\"c6875a3\" data-element_type=\"column\" data-e-type=\"column\">\n\t\t\t<div class=\"elementor-widget-wrap elementor-element-populated\">\n\t\t\t\t\t\t<div class=\"elementor-element elementor-element-6d2986e elementor-widget elementor-widget-text-editor\" data-id=\"6d2986e\" data-element_type=\"widget\" data-e-type=\"widget\" data-widget_type=\"text-editor.default\">\n\t\t\t\t<div class=\"elementor-widget-container\">\n\t\t\t\t\t\t\t\t\t<p><b>\u00bfQu\u00e9 incluye el evento?<\/b><\/p>\n<ul>\n<li>\n<p>Charlas con expertos del sector<\/p>\n<\/li>\n<li>\n<p>Presentaci\u00f3n de los proyectos<\/p>\n<\/li>\n<li>\n<p><b>Demo en vivo<\/b> de eB2 MindCare<\/p>\n<\/li>\n<li>\n<p>Espacio para preguntas e intercambio de ideas<\/p>\n<\/li>\n<\/ul>\n<p>Puedes descargar el programa completo <a href=\"https:\/\/eb2.tech\/wp-content\/uploads\/2025\/06\/Programa-eB2_DAY_18junio2025.pdf\" target=\"_blank\" rel=\"noopener\">aqu\u00ed<\/a>.<\/p>\t\t\t\t\t\t\t\t<\/div>\n\t\t\t\t<\/div>\n\t\t\t\t\t<\/div>\n\t\t<\/div>\n\t\t\t\t<div class=\"elementor-column elementor-col-50 elementor-top-column elementor-element elementor-element-a190d83\" data-id=\"a190d83\" data-element_type=\"column\" data-e-type=\"column\">\n\t\t\t<div class=\"elementor-widget-wrap elementor-element-populated\">\n\t\t\t\t\t\t<div class=\"elementor-element elementor-element-531a01f elementor-icon-list--layout-traditional elementor-list-item-link-full_width elementor-widget elementor-widget-icon-list\" data-id=\"531a01f\" data-element_type=\"widget\" data-e-type=\"widget\" data-widget_type=\"icon-list.default\">\n\t\t\t\t<div class=\"elementor-widget-container\">\n\t\t\t\t\t\t\t<ul class=\"elementor-icon-list-items\">\n\t\t\t\t\t\t\t<li class=\"elementor-icon-list-item\">\n\t\t\t\t\t\t\t\t\t\t\t<span class=\"elementor-icon-list-icon\">\n\t\t\t\t\t\t\t<i aria-hidden=\"true\" class=\"fas fa-check\"><\/i>\t\t\t\t\t\t<\/span>\n\t\t\t\t\t\t\t\t\t\t<span class=\"elementor-icon-list-text\">Fecha: 18 de Junio del 2025.<\/span>\n\t\t\t\t\t\t\t\t\t<\/li>\n\t\t\t\t\t\t\t\t<li class=\"elementor-icon-list-item\">\n\t\t\t\t\t\t\t\t\t\t\t<span class=\"elementor-icon-list-icon\">\n\t\t\t\t\t\t\t<i aria-hidden=\"true\" class=\"fas fa-times\"><\/i>\t\t\t\t\t\t<\/span>\n\t\t\t\t\t\t\t\t\t\t<span class=\"elementor-icon-list-text\">Horario: de 10:00 a 13:30<\/span>\n\t\t\t\t\t\t\t\t\t<\/li>\n\t\t\t\t\t\t\t\t<li class=\"elementor-icon-list-item\">\n\t\t\t\t\t\t\t\t\t\t\t<span class=\"elementor-icon-list-icon\">\n\t\t\t\t\t\t\t<i aria-hidden=\"true\" class=\"fas fa-dot-circle\"><\/i>\t\t\t\t\t\t<\/span>\n\t\t\t\t\t\t\t\t\t\t<span class=\"elementor-icon-list-text\">Ubicaci\u00f3n: C3N-IA del Parque Cient\u00edfico UC3M (Legan\u00e9s). Aula 1.1.A.01<\/span>\n\t\t\t\t\t\t\t\t\t<\/li>\n\t\t\t\t\t\t\t\t<li class=\"elementor-icon-list-item\">\n\t\t\t\t\t\t\t\t\t\t\t<span class=\"elementor-icon-list-icon\">\n\t\t\t\t\t\t\t<i aria-hidden=\"true\" class=\"fas fa-check\"><\/i>\t\t\t\t\t\t<\/span>\n\t\t\t\t\t\t\t\t\t\t<span class=\"elementor-icon-list-text\">El evento ser\u00e1 presencial y online (el enlace se facilitar\u00e1 a los inscritos en esa modalidad)<\/span>\n\t\t\t\t\t\t\t\t\t<\/li>\n\t\t\t\t\t\t<\/ul>\n\t\t\t\t\t\t<\/div>\n\t\t\t\t<\/div>\n\t\t\t\t\t<\/div>\n\t\t<\/div>\n\t\t\t\t\t<\/div>\n\t\t<\/section>\n\t\t\t\t<section class=\"elementor-section elementor-top-section elementor-element elementor-element-2b92a6b elementor-section-boxed elementor-section-height-default elementor-section-height-default\" data-id=\"2b92a6b\" data-element_type=\"section\" data-e-type=\"section\">\n\t\t\t\t\t\t<div class=\"elementor-container elementor-column-gap-default\">\n\t\t\t\t\t<div class=\"elementor-column elementor-col-100 elementor-top-column elementor-element elementor-element-cdeb718\" data-id=\"cdeb718\" data-element_type=\"column\" data-e-type=\"column\">\n\t\t\t<div class=\"elementor-widget-wrap elementor-element-populated\">\n\t\t\t\t\t\t<div class=\"elementor-element elementor-element-345b5e6 elementor-cta--skin-classic elementor-animated-content elementor-bg-transform elementor-bg-transform-zoom-in elementor-widget elementor-widget-call-to-action\" data-id=\"345b5e6\" data-element_type=\"widget\" data-e-type=\"widget\" data-widget_type=\"call-to-action.default\">\n\t\t\t\t<div class=\"elementor-widget-container\">\n\t\t\t\t\t\t\t<div class=\"elementor-cta\">\n\t\t\t\t\t\t\t<div class=\"elementor-cta__content\">\n\t\t\t\t\n\t\t\t\t\t\t\t\t\t<h2 class=\"elementor-cta__title elementor-cta__content-item elementor-content-item\">\n\t\t\t\t\t\tInscr\u00edbete\t\t\t\t\t<\/h2>\n\t\t\t\t\n\t\t\t\t\t\t\t\t\t<div class=\"elementor-cta__description elementor-cta__content-item elementor-content-item\">\n\t\t\t\t\t\tEl evento ser\u00e1 presencial y online (el enlace se facilitar\u00e1 a los inscritos en esa modalidad). \t\n\t\n\tp { line-height: 115%; text-align: justify; orphans: 2; widows: 2; margin-bottom: 0.1in; direction: ltr; background: transparent }a:link { color: #467886; text-decoration: underline\t\t\t\t\t<\/div>\n\t\t\t\t\n\t\t\t\t\t\t\t\t\t<div class=\"elementor-cta__button-wrapper elementor-cta__content-item elementor-content-item \">\n\t\t\t\t\t<a class=\"elementor-cta__button elementor-button elementor-size-\" href=\"https:\/\/docs.google.com\/forms\/d\/e\/1FAIpQLSf2x2zGuA1EEDaKK3mevqRttRxUku2kaHgoY5BF4Ogy0TXI1w\/viewform\" target=\"_blank\">\n\t\t\t\t\t\tHaz clic aqu\u00ed\t\t\t\t\t<\/a>\n\t\t\t\t\t<\/div>\n\t\t\t\t\t\t\t<\/div>\n\t\t\t\t\t\t<\/div>\n\t\t\t\t\t\t<\/div>\n\t\t\t\t<\/div>\n\t\t\t\t\t<\/div>\n\t\t<\/div>\n\t\t\t\t\t<\/div>\n\t\t<\/section>\n\t\t\t\t<section class=\"elementor-section elementor-top-section elementor-element elementor-element-1778947 elementor-section-boxed elementor-section-height-default elementor-section-height-default\" data-id=\"1778947\" data-element_type=\"section\" data-e-type=\"section\">\n\t\t\t\t\t\t<div class=\"elementor-container elementor-column-gap-default\">\n\t\t\t\t\t<div class=\"elementor-column elementor-col-100 elementor-top-column elementor-element elementor-element-0201cdf\" data-id=\"0201cdf\" data-element_type=\"column\" data-e-type=\"column\">\n\t\t\t<div class=\"elementor-widget-wrap elementor-element-populated\">\n\t\t\t\t\t\t<div class=\"elementor-element elementor-element-bacbe16 elementor-widget elementor-widget-image\" data-id=\"bacbe16\" data-element_type=\"widget\" data-e-type=\"widget\" data-widget_type=\"image.default\">\n\t\t\t\t<div class=\"elementor-widget-container\">\n\t\t\t\t\t\t\t\t\t\t\t\t\t\t\t<img decoding=\"async\" width=\"825\" height=\"938\" src=\"https:\/\/eb2.tech\/wp-content\/uploads\/2025\/06\/eb2day2025-901x1024.png\" class=\"attachment-large size-large wp-image-5128\" alt=\"\" srcset=\"https:\/\/eb2.tech\/wp-content\/uploads\/2025\/06\/eb2day2025-901x1024.png 901w, https:\/\/eb2.tech\/wp-content\/uploads\/2025\/06\/eb2day2025-264x300.png 264w, https:\/\/eb2.tech\/wp-content\/uploads\/2025\/06\/eb2day2025-768x873.png 768w, https:\/\/eb2.tech\/wp-content\/uploads\/2025\/06\/eb2day2025.png 990w\" sizes=\"(max-width: 825px) 100vw, 825px\" \/>\t\t\t\t\t\t\t\t\t\t\t\t\t\t\t<\/div>\n\t\t\t\t<\/div>\n\t\t\t\t\t<\/div>\n\t\t<\/div>\n\t\t\t\t\t<\/div>\n\t\t<\/section>\n\t\t\t\t<section class=\"elementor-section elementor-top-section elementor-element elementor-element-f39fba1 elementor-section-boxed elementor-section-height-default elementor-section-height-default\" data-id=\"f39fba1\" data-element_type=\"section\" data-e-type=\"section\">\n\t\t\t\t\t\t<div class=\"elementor-container elementor-column-gap-default\">\n\t\t\t\t\t<div class=\"elementor-column elementor-col-100 elementor-top-column elementor-element elementor-element-a0101e8\" data-id=\"a0101e8\" data-element_type=\"column\" data-e-type=\"column\">\n\t\t\t<div class=\"elementor-widget-wrap elementor-element-populated\">\n\t\t\t\t\t\t<div class=\"elementor-element elementor-element-378f24f elementor-widget elementor-widget-text-editor\" data-id=\"378f24f\" data-element_type=\"widget\" data-e-type=\"widget\" data-widget_type=\"text-editor.default\">\n\t\t\t\t<div class=\"elementor-widget-container\">\n\t\t\t\t\t\t\t\t\tPuede consultar la pol\u00edtica de privacidad en eventos eB2 <a href=\"\/politica-de-privacidad-de-eventos\">aqu\u00ed<\/a>.\t\t\t\t\t\t\t\t<\/div>\n\t\t\t\t<\/div>\n\t\t\t\t\t<\/div>\n\t\t<\/div>\n\t\t\t\t\t<\/div>\n\t\t<\/section>\n\t\t\t\t<section class=\"elementor-section elementor-top-section elementor-element elementor-element-e182277 elementor-section-boxed elementor-section-height-default elementor-section-height-default\" data-id=\"e182277\" data-element_type=\"section\" data-e-type=\"section\">\n\t\t\t\t\t\t<div class=\"elementor-container elementor-column-gap-default\">\n\t\t\t\t\t<div class=\"elementor-column elementor-col-25 elementor-top-column elementor-element elementor-element-687e25c\" data-id=\"687e25c\" data-element_type=\"column\" data-e-type=\"column\">\n\t\t\t<div class=\"elementor-widget-wrap elementor-element-populated\">\n\t\t\t\t\t\t<div class=\"elementor-element elementor-element-3c8cd9b elementor-widget elementor-widget-image\" data-id=\"3c8cd9b\" data-element_type=\"widget\" data-e-type=\"widget\" data-widget_type=\"image.default\">\n\t\t\t\t<div class=\"elementor-widget-container\">\n\t\t\t\t\t\t\t\t\t\t\t\t\t\t\t<img decoding=\"async\" width=\"300\" height=\"168\" src=\"https:\/\/eb2.tech\/wp-content\/uploads\/2025\/05\/image1-300x168.png\" class=\"attachment-medium size-medium wp-image-5013\" alt=\"\" srcset=\"https:\/\/eb2.tech\/wp-content\/uploads\/2025\/05\/image1-300x168.png 300w, https:\/\/eb2.tech\/wp-content\/uploads\/2025\/05\/image1.png 447w\" sizes=\"(max-width: 300px) 100vw, 300px\" \/>\t\t\t\t\t\t\t\t\t\t\t\t\t\t\t<\/div>\n\t\t\t\t<\/div>\n\t\t\t\t\t<\/div>\n\t\t<\/div>\n\t\t\t\t<div class=\"elementor-column elementor-col-25 elementor-top-column elementor-element elementor-element-f933d6a\" data-id=\"f933d6a\" data-element_type=\"column\" data-e-type=\"column\">\n\t\t\t<div class=\"elementor-widget-wrap elementor-element-populated\">\n\t\t\t\t\t\t<div class=\"elementor-element elementor-element-f02b02a elementor-widget elementor-widget-image\" data-id=\"f02b02a\" data-element_type=\"widget\" data-e-type=\"widget\" data-widget_type=\"image.default\">\n\t\t\t\t<div class=\"elementor-widget-container\">\n\t\t\t\t\t\t\t\t\t\t\t\t\t\t\t<img loading=\"lazy\" decoding=\"async\" width=\"447\" height=\"251\" src=\"https:\/\/eb2.tech\/wp-content\/uploads\/2025\/06\/logotransformacion.png\" class=\"attachment-large size-large wp-image-5212\" alt=\"\" srcset=\"https:\/\/eb2.tech\/wp-content\/uploads\/2025\/06\/logotransformacion.png 447w, https:\/\/eb2.tech\/wp-content\/uploads\/2025\/06\/logotransformacion-300x168.png 300w\" sizes=\"(max-width: 447px) 100vw, 447px\" \/>\t\t\t\t\t\t\t\t\t\t\t\t\t\t\t<\/div>\n\t\t\t\t<\/div>\n\t\t\t\t\t<\/div>\n\t\t<\/div>\n\t\t\t\t<div class=\"elementor-column elementor-col-25 elementor-top-column elementor-element elementor-element-40d8407\" data-id=\"40d8407\" data-element_type=\"column\" data-e-type=\"column\">\n\t\t\t<div class=\"elementor-widget-wrap elementor-element-populated\">\n\t\t\t\t\t\t<div class=\"elementor-element elementor-element-fb10b0d elementor-widget elementor-widget-image\" data-id=\"fb10b0d\" data-element_type=\"widget\" data-e-type=\"widget\" data-widget_type=\"image.default\">\n\t\t\t\t<div class=\"elementor-widget-container\">\n\t\t\t\t\t\t\t\t\t\t\t\t\t\t\t<img loading=\"lazy\" decoding=\"async\" width=\"300\" height=\"168\" src=\"https:\/\/eb2.tech\/wp-content\/uploads\/2025\/05\/logo2-300x168.png\" class=\"attachment-medium size-medium wp-image-4895\" alt=\"\" srcset=\"https:\/\/eb2.tech\/wp-content\/uploads\/2025\/05\/logo2-300x168.png 300w, https:\/\/eb2.tech\/wp-content\/uploads\/2025\/05\/logo2.png 447w\" sizes=\"(max-width: 300px) 100vw, 300px\" \/>\t\t\t\t\t\t\t\t\t\t\t\t\t\t\t<\/div>\n\t\t\t\t<\/div>\n\t\t\t\t\t<\/div>\n\t\t<\/div>\n\t\t\t\t<div class=\"elementor-column elementor-col-25 elementor-top-column elementor-element elementor-element-8d3465d\" data-id=\"8d3465d\" data-element_type=\"column\" data-e-type=\"column\">\n\t\t\t<div class=\"elementor-widget-wrap elementor-element-populated\">\n\t\t\t\t\t\t<div class=\"elementor-element elementor-element-302a90a elementor-widget elementor-widget-image\" data-id=\"302a90a\" data-element_type=\"widget\" data-e-type=\"widget\" data-widget_type=\"image.default\">\n\t\t\t\t<div class=\"elementor-widget-container\">\n\t\t\t\t\t\t\t\t\t\t\t\t\t\t\t<img loading=\"lazy\" decoding=\"async\" width=\"300\" height=\"168\" src=\"https:\/\/eb2.tech\/wp-content\/uploads\/2025\/05\/logo1-300x168.png\" class=\"attachment-medium size-medium wp-image-4893\" alt=\"\" srcset=\"https:\/\/eb2.tech\/wp-content\/uploads\/2025\/05\/logo1-300x168.png 300w, https:\/\/eb2.tech\/wp-content\/uploads\/2025\/05\/logo1.png 447w\" sizes=\"(max-width: 300px) 100vw, 300px\" \/>\t\t\t\t\t\t\t\t\t\t\t\t\t\t\t<\/div>\n\t\t\t\t<\/div>\n\t\t\t\t\t<\/div>\n\t\t<\/div>\n\t\t\t\t\t<\/div>\n\t\t<\/section>\n\t\t\t\t<\/div>\n\t\t","protected":false},"excerpt":{"rendered":"<p>eB2-DAY 2025: IA para transformar el cuidado en gesti\u00f3n mental eB2-DAY 2025: IA para transformar el cuidado en gesti\u00f3n mental Una jornada para descubrir c\u00f3mo la inteligencia artificial est\u00e1 revolucionando la salud mental con eB2 MindCare. \u00a0Evidence-Based Behavior (eB2) te invita a una jornada exclusiva donde presentaremos dos proyectos innovadores que aplican la inteligencia artificial &#8230; <a title=\"eB2-Day 2025\" class=\"read-more\" href=\"https:\/\/eb2.tech\/en\/eb2-day-2025\/\" aria-label=\"Read more about eB2-Day 2025\">Read more<\/a><\/p>\n","protected":false},"author":5,"featured_media":0,"parent":0,"menu_order":0,"comment_status":"closed","ping_status":"closed","template":"elementor_header_footer","meta":{"footnotes":""},"class_list":["post-5160","page","type-page","status-publish"],"_links":{"self":[{"href":"https:\/\/eb2.tech\/en\/wp-json\/wp\/v2\/pages\/5160","targetHints":{"allow":["GET"]}}],"collection":[{"href":"https:\/\/eb2.tech\/en\/wp-json\/wp\/v2\/pages"}],"about":[{"href":"https:\/\/eb2.tech\/en\/wp-json\/wp\/v2\/types\/page"}],"author":[{"embeddable":true,"href":"https:\/\/eb2.tech\/en\/wp-json\/wp\/v2\/users\/5"}],"replies":[{"embeddable":true,"href":"https:\/\/eb2.tech\/en\/wp-json\/wp\/v2\/comments?post=5160"}],"version-history":[{"count":25,"href":"https:\/\/eb2.tech\/en\/wp-json\/wp\/v2\/pages\/5160\/revisions"}],"predecessor-version":[{"id":5335,"href":"https:\/\/eb2.tech\/en\/wp-json\/wp\/v2\/pages\/5160\/revisions\/5335"}],"wp:attachment":[{"href":"https:\/\/eb2.tech\/en\/wp-json\/wp\/v2\/media?parent=5160"}],"curies":[{"name":"wp","href":"https:\/\/api.w.org\/{rel}","templated":true}]}}