{"id":5172,"date":"2025-06-06T10:15:09","date_gmt":"2025-06-06T08:15:09","guid":{"rendered":"https:\/\/eb2.tech\/?page_id=5172"},"modified":"2025-06-06T10:31:10","modified_gmt":"2025-06-06T08:31:10","slug":"politica-de-privacidad-de-eventos","status":"publish","type":"page","link":"https:\/\/eb2.tech\/en\/politica-de-privacidad-de-eventos\/","title":{"rendered":"Pol\u00edtica de privacidad eventos eB2"},"content":{"rendered":"\t\t<div data-elementor-type=\"wp-page\" data-elementor-id=\"5172\" class=\"elementor elementor-5172\" data-elementor-post-type=\"page\">\n\t\t\t\t\t\t<section class=\"elementor-section elementor-top-section elementor-element elementor-element-a440bd4 elementor-section-boxed elementor-section-height-default elementor-section-height-default\" data-id=\"a440bd4\" data-element_type=\"section\" data-e-type=\"section\">\n\t\t\t\t\t\t<div class=\"elementor-container elementor-column-gap-default\">\n\t\t\t\t\t<div class=\"elementor-column elementor-col-100 elementor-top-column elementor-element elementor-element-84fd468\" data-id=\"84fd468\" data-element_type=\"column\" data-e-type=\"column\">\n\t\t\t<div class=\"elementor-widget-wrap elementor-element-populated\">\n\t\t\t\t\t\t<div class=\"elementor-element elementor-element-f5f8fc4 elementor-widget elementor-widget-text-editor\" data-id=\"f5f8fc4\" data-element_type=\"widget\" data-e-type=\"widget\" data-widget_type=\"text-editor.default\">\n\t\t\t\t<div class=\"elementor-widget-container\">\n\t\t\t\t\t\t\t\t\t<p><b>POL\u00cdTICA DE PRIVACIDAD EVENTOS eB2<\/b><\/p><p>El evento (en adelante, el &#8220;<b>Evento<\/b>&#8221; es organizado por Evidence-Based Behavior S.L. domiciliada en Avenida Gregorio Peces-Barba, 1 (Legan\u00e9s Tecnol\u00f3gico \u2013 28919), Madrid, con C.I.F. B87856407. (en adelante eB2). que ser\u00e1 la responsable del tratamiento de los datos personales que usted facilite al inscribirse en el Evento,<\/p><p><b>FINALIDAD DEL TRATAMIENTO<\/b><\/p><p>Sus datos personales ser\u00e1n tratados con las siguientes finalidades:<\/p><ul><li><p><b>Gesti\u00f3n del Evento<\/b> organizado por eB2.<\/p><\/li><\/ul><p><b>Base jur\u00eddica:<\/b> consentimiento del interesado o inter\u00e9s leg\u00edtimo (art. 6.1.f RGPD).<\/p><ul><li><p><b>Env\u00edo de newsletters e informaci\u00f3n sobre actividades relacionadas.<\/b><\/p><\/li><\/ul><p><b>Base jur\u00eddica:<\/b> consentimiento del interesado (art. 6.1.a RGPD).<\/p><ul><li><p><b>Gesti\u00f3n de bases de datos de contactos y networking.<\/b><\/p><\/li><\/ul><p><b>Base jur\u00eddica:<\/b> consentimiento o inter\u00e9s leg\u00edtimo, seg\u00fan corresponda.<\/p><ul><li><p><b>Cumplimiento de obligaciones legales<\/b> (fiscales, contables, etc.).<\/p><\/li><\/ul><p><b>Base jur\u00eddica:<\/b> obligaci\u00f3n legal (art. 6.1.c RGPD).<\/p><p><br \/><br \/><\/p><p>Los datos se utilizar\u00e1n exclusivamente para los fines indicados y no se tratar\u00e1n con finalidades incompatibles.<\/p><p><b>CAPTACI\u00d3N DE IM\u00c1GENES Y V\u00cdDEO<\/b><\/p><p>Durante el Evento podr\u00e1n realizarse captaciones de im\u00e1genes y grabaciones de v\u00eddeo para su posterior difusi\u00f3n a trav\u00e9s de medios electr\u00f3nicos y no electr\u00f3nicos.<\/p><ul><li><p>En el caso de planos generales y sonido ambiente, el tratamiento se basar\u00e1 en el <b>inter\u00e9s leg\u00edtimo<\/b> de eB2 para fines promocionales.<\/p><\/li><li><p>Cuando se capten im\u00e1genes en las que los asistentes puedan ser identificados de forma clara (por ejemplo, primeros planos), la base legal ser\u00e1 el <b>consentimiento<\/b> expreso del interesado, que se entender\u00e1 prestado en caso de posar voluntariamente para la imagen.<\/p><\/li><\/ul><p><b>DESTINATARIOS DE LOS DATOS PERSONALES<\/b><\/p><p>Sus datos podr\u00e1n ser comunicados a empresas proveedoras de servicios de marketing y organizaci\u00f3n de eventos, quienes actuar\u00e1n como <b>encargados del tratamiento<\/b> por cuenta de eB2. En estos casos, eB2 garantiza que dichos terceros cumplen con la normativa de protecci\u00f3n de datos y que se ha firmado con ellos el correspondiente contrato de encargo del tratamiento.<\/p><p><b>CONSERVACI\u00d3N DE LOS DATOS<\/b><\/p><p>Los datos personales se conservar\u00e1n durante el tiempo necesario para la ejecuci\u00f3n del Evento. Posteriormente, podr\u00e1n utilizarse para el env\u00edo de comunicaciones comerciales sobre productos y servicios propios de eB2, por cualquier medio, incluido electr\u00f3nico, mientras no se solicite su supresi\u00f3n, oposici\u00f3n o limitaci\u00f3n del tratamiento.<\/p><p>En el caso de tratamientos basados en su consentimiento, los datos se conservar\u00e1n mientras no se retire dicho consentimiento.<\/p><p><b>DERECHOS DE LOS INTERESADOS<\/b><\/p><p>Usted podr\u00e1 ejercer los derechos de acceso, rectificaci\u00f3n, supresi\u00f3n, oposici\u00f3n, limitaci\u00f3n del tratamiento y portabilidad mediante solicitud escrita dirigida a:<\/p><p><b>Evidence-Based Behavior S.L. <\/b>Avenida Gregorio Peces-Barba, 1 (Legan\u00e9s Tecnol\u00f3gico \u2013 28919), Madrid o por correo electr\u00f3nico a: <b>dpo@eb2.tech<\/b><\/p><p>Tambi\u00e9n podr\u00e1 retirar su consentimiento en cualquier momento, sin que ello afecte a la licitud del tratamiento previo a la retirada.<\/p><p>Si considera que sus derechos no han sido debidamente atendidos, puede presentar una reclamaci\u00f3n ante la <b>Agencia Espa\u00f1ola de Protecci\u00f3n de Datos<\/b> a trav\u00e9s de su sitio web: <span style=\"color: #467886;\"><u><a href=\"https:\/\/www.aepd.es\/\" target=\"_new\">www.aepd.es<\/a><\/u><\/span><\/p><p><br \/><br \/><\/p>\t\t\t\t\t\t\t\t<\/div>\n\t\t\t\t<\/div>\n\t\t\t\t\t<\/div>\n\t\t<\/div>\n\t\t\t\t\t<\/div>\n\t\t<\/section>\n\t\t\t\t<\/div>\n\t\t","protected":false},"excerpt":{"rendered":"<p>POL\u00cdTICA DE PRIVACIDAD EVENTOS eB2 El evento (en adelante, el &#8220;Evento&#8221; es organizado por Evidence-Based Behavior S.L. domiciliada en Avenida Gregorio Peces-Barba, 1 (Legan\u00e9s Tecnol\u00f3gico \u2013 28919), Madrid, con C.I.F. B87856407. (en adelante eB2). que ser\u00e1 la responsable del tratamiento de los datos personales que usted facilite al inscribirse en el Evento, FINALIDAD DEL TRATAMIENTO &#8230; <a title=\"Pol\u00edtica de privacidad eventos eB2\" class=\"read-more\" href=\"https:\/\/eb2.tech\/en\/politica-de-privacidad-de-eventos\/\" aria-label=\"Read more about Pol\u00edtica de privacidad eventos eB2\">Read more<\/a><\/p>\n","protected":false},"author":5,"featured_media":0,"parent":0,"menu_order":0,"comment_status":"closed","ping_status":"closed","template":"elementor_header_footer","meta":{"footnotes":""},"class_list":["post-5172","page","type-page","status-publish"],"_links":{"self":[{"href":"https:\/\/eb2.tech\/en\/wp-json\/wp\/v2\/pages\/5172","targetHints":{"allow":["GET"]}}],"collection":[{"href":"https:\/\/eb2.tech\/en\/wp-json\/wp\/v2\/pages"}],"about":[{"href":"https:\/\/eb2.tech\/en\/wp-json\/wp\/v2\/types\/page"}],"author":[{"embeddable":true,"href":"https:\/\/eb2.tech\/en\/wp-json\/wp\/v2\/users\/5"}],"replies":[{"embeddable":true,"href":"https:\/\/eb2.tech\/en\/wp-json\/wp\/v2\/comments?post=5172"}],"version-history":[{"count":10,"href":"https:\/\/eb2.tech\/en\/wp-json\/wp\/v2\/pages\/5172\/revisions"}],"predecessor-version":[{"id":5199,"href":"https:\/\/eb2.tech\/en\/wp-json\/wp\/v2\/pages\/5172\/revisions\/5199"}],"wp:attachment":[{"href":"https:\/\/eb2.tech\/en\/wp-json\/wp\/v2\/media?parent=5172"}],"curies":[{"name":"wp","href":"https:\/\/api.w.org\/{rel}","templated":true}]}}